{"id":8,"date":"2026-03-28T19:23:29","date_gmt":"2026-03-28T19:23:29","guid":{"rendered":"https:\/\/parqueindustrialjateo.com\/?page_id=8"},"modified":"2026-03-28T19:49:02","modified_gmt":"2026-03-28T19:49:02","slug":"home","status":"publish","type":"page","link":"https:\/\/parqueindustrialjateo.com\/","title":{"rendered":"Home"},"content":{"rendered":"\t\t<div data-elementor-type=\"wp-post\" data-elementor-id=\"8\" class=\"elementor elementor-8\">\n\t\t\t\t<div class=\"elementor-element elementor-element-e035edb e-flex e-con-boxed e-con e-parent\" data-id=\"e035edb\" data-element_type=\"container\" data-e-type=\"container\" data-settings=\"{&quot;background_background&quot;:&quot;classic&quot;}\">\n\t\t\t\t\t<div class=\"e-con-inner\">\n\t\t\t\t<div class=\"elementor-element elementor-element-5d57cf8 elementor-widget elementor-widget-image\" data-id=\"5d57cf8\" data-element_type=\"widget\" data-e-type=\"widget\" data-widget_type=\"image.default\">\n\t\t\t\t<div class=\"elementor-widget-container\">\n\t\t\t\t\t\t\t\t\t\t\t\t\t\t\t<img fetchpriority=\"high\" decoding=\"async\" width=\"640\" height=\"231\" src=\"https:\/\/parqueindustrialjateo.com\/wp-content\/uploads\/2026\/03\/Jateo_LogosFinales_Blanco_Horizontal-1024x369.png\" class=\"attachment-large size-large wp-image-53\" alt=\"\" srcset=\"https:\/\/parqueindustrialjateo.com\/wp-content\/uploads\/2026\/03\/Jateo_LogosFinales_Blanco_Horizontal-1024x369.png 1024w, https:\/\/parqueindustrialjateo.com\/wp-content\/uploads\/2026\/03\/Jateo_LogosFinales_Blanco_Horizontal-300x108.png 300w, https:\/\/parqueindustrialjateo.com\/wp-content\/uploads\/2026\/03\/Jateo_LogosFinales_Blanco_Horizontal-768x277.png 768w, https:\/\/parqueindustrialjateo.com\/wp-content\/uploads\/2026\/03\/Jateo_LogosFinales_Blanco_Horizontal-1536x554.png 1536w, https:\/\/parqueindustrialjateo.com\/wp-content\/uploads\/2026\/03\/Jateo_LogosFinales_Blanco_Horizontal-2048x738.png 2048w\" sizes=\"(max-width: 640px) 100vw, 640px\" \/>\t\t\t\t\t\t\t\t\t\t\t\t\t\t\t<\/div>\n\t\t\t\t<\/div>\n\t\t\t\t<div class=\"elementor-element elementor-element-d48357b elementor-widget elementor-widget-spacer\" data-id=\"d48357b\" data-element_type=\"widget\" data-e-type=\"widget\" data-widget_type=\"spacer.default\">\n\t\t\t\t<div class=\"elementor-widget-container\">\n\t\t\t\t\t\t\t<div class=\"elementor-spacer\">\n\t\t\t<div class=\"elementor-spacer-inner\"><\/div>\n\t\t<\/div>\n\t\t\t\t\t\t<\/div>\n\t\t\t\t<\/div>\n\t\t\t\t\t<\/div>\n\t\t\t\t<\/div>\n\t\t<div class=\"elementor-element elementor-element-5800d84 e-con-full e-flex e-con e-parent\" data-id=\"5800d84\" data-element_type=\"container\" data-e-type=\"container\">\n\t\t\t\t<div class=\"elementor-element elementor-element-31cc7d5 elementor-widget elementor-widget-image\" data-id=\"31cc7d5\" data-element_type=\"widget\" data-e-type=\"widget\" data-widget_type=\"image.default\">\n\t\t\t\t<div class=\"elementor-widget-container\">\n\t\t\t\t\t\t\t\t\t\t\t\t\t\t\t<img decoding=\"async\" width=\"1964\" height=\"616\" src=\"https:\/\/parqueindustrialjateo.com\/wp-content\/uploads\/2026\/03\/Patron.png\" class=\"attachment-full size-full wp-image-72\" alt=\"\" srcset=\"https:\/\/parqueindustrialjateo.com\/wp-content\/uploads\/2026\/03\/Patron.png 1964w, https:\/\/parqueindustrialjateo.com\/wp-content\/uploads\/2026\/03\/Patron-300x94.png 300w, https:\/\/parqueindustrialjateo.com\/wp-content\/uploads\/2026\/03\/Patron-1024x321.png 1024w, https:\/\/parqueindustrialjateo.com\/wp-content\/uploads\/2026\/03\/Patron-768x241.png 768w, https:\/\/parqueindustrialjateo.com\/wp-content\/uploads\/2026\/03\/Patron-1536x482.png 1536w\" sizes=\"(max-width: 1964px) 100vw, 1964px\" \/>\t\t\t\t\t\t\t\t\t\t\t\t\t\t\t<\/div>\n\t\t\t\t<\/div>\n\t\t\t\t<div class=\"elementor-element elementor-element-e4edf7d elementor-widget-divider--view-line elementor-widget elementor-widget-divider\" data-id=\"e4edf7d\" data-element_type=\"widget\" data-e-type=\"widget\" data-widget_type=\"divider.default\">\n\t\t\t\t<div class=\"elementor-widget-container\">\n\t\t\t\t\t\t\t<div class=\"elementor-divider\">\n\t\t\t<span class=\"elementor-divider-separator\">\n\t\t\t\t\t\t<\/span>\n\t\t<\/div>\n\t\t\t\t\t\t<\/div>\n\t\t\t\t<\/div>\n\t\t\t\t<\/div>\n\t\t<div class=\"elementor-element elementor-element-d062831 e-grid e-con-boxed e-con e-parent\" data-id=\"d062831\" data-element_type=\"container\" data-e-type=\"container\" data-settings=\"{&quot;background_background&quot;:&quot;classic&quot;}\">\n\t\t\t\t\t<div class=\"e-con-inner\">\n\t\t\t\t<div class=\"elementor-element elementor-element-01c1bdb elementor-widget elementor-widget-heading\" data-id=\"01c1bdb\" data-element_type=\"widget\" data-e-type=\"widget\" data-widget_type=\"heading.default\">\n\t\t\t\t<div class=\"elementor-widget-container\">\n\t\t\t\t\t<h2 class=\"elementor-heading-title elementor-size-default\">\u00bfQu\u00e9 es JATEO?<\/h2>\t\t\t\t<\/div>\n\t\t\t\t<\/div>\n\t\t\t\t<div class=\"elementor-element elementor-element-26368be elementor-widget elementor-widget-heading\" data-id=\"26368be\" data-element_type=\"widget\" data-e-type=\"widget\" data-widget_type=\"heading.default\">\n\t\t\t\t<div class=\"elementor-widget-container\">\n\t\t\t\t\t<h2 class=\"elementor-heading-title elementor-size-default\">Soluciones para empresas<\/h2>\t\t\t\t<\/div>\n\t\t\t\t<\/div>\n\t\t\t\t<div class=\"elementor-element elementor-element-5d7a212 elementor-widget elementor-widget-heading\" data-id=\"5d7a212\" data-element_type=\"widget\" data-e-type=\"widget\" data-widget_type=\"heading.default\">\n\t\t\t\t<div class=\"elementor-widget-container\">\n\t\t\t\t\t<h2 class=\"elementor-heading-title elementor-size-default\">Investigaci\u00f3n e innovaci\u00f3n<\/h2>\t\t\t\t<\/div>\n\t\t\t\t<\/div>\n\t\t\t\t\t<\/div>\n\t\t\t\t<\/div>\n\t\t\t\t<\/div>\n\t\t","protected":false},"excerpt":{"rendered":"<p>\u00bfQu\u00e9 es JATEO? Soluciones para empresas Investigaci\u00f3n e innovaci\u00f3n<\/p>\n","protected":false},"author":1,"featured_media":0,"parent":0,"menu_order":0,"comment_status":"closed","ping_status":"closed","template":"elementor_canvas","meta":{"footnotes":""},"class_list":["post-8","page","type-page","status-publish","hentry"],"_links":{"self":[{"href":"https:\/\/parqueindustrialjateo.com\/index.php?rest_route=\/wp\/v2\/pages\/8","targetHints":{"allow":["GET"]}}],"collection":[{"href":"https:\/\/parqueindustrialjateo.com\/index.php?rest_route=\/wp\/v2\/pages"}],"about":[{"href":"https:\/\/parqueindustrialjateo.com\/index.php?rest_route=\/wp\/v2\/types\/page"}],"author":[{"embeddable":true,"href":"https:\/\/parqueindustrialjateo.com\/index.php?rest_route=\/wp\/v2\/users\/1"}],"replies":[{"embeddable":true,"href":"https:\/\/parqueindustrialjateo.com\/index.php?rest_route=%2Fwp%2Fv2%2Fcomments&post=8"}],"version-history":[{"count":26,"href":"https:\/\/parqueindustrialjateo.com\/index.php?rest_route=\/wp\/v2\/pages\/8\/revisions"}],"predecessor-version":[{"id":87,"href":"https:\/\/parqueindustrialjateo.com\/index.php?rest_route=\/wp\/v2\/pages\/8\/revisions\/87"}],"wp:attachment":[{"href":"https:\/\/parqueindustrialjateo.com\/index.php?rest_route=%2Fwp%2Fv2%2Fmedia&parent=8"}],"curies":[{"name":"wp","href":"https:\/\/api.w.org\/{rel}","templated":true}]}}